{"id":123,"date":"2021-12-30T15:58:39","date_gmt":"2021-12-30T14:58:39","guid":{"rendered":"https:\/\/www.residence-vinci.fr\/?page_id=123"},"modified":"2023-10-13T10:55:51","modified_gmt":"2023-10-13T08:55:51","slug":"problemes-techniques","status":"publish","type":"page","link":"https:\/\/www.residence-vinci.fr\/en\/problemes-techniques\/","title":{"rendered":"Technical problems"},"content":{"rendered":"<div data-elementor-type=\"wp-page\" data-elementor-id=\"123\" class=\"elementor elementor-123\">\n\t\t\t\t\t\t<section class=\"elementor-section elementor-top-section elementor-element elementor-element-ef11dbf elementor-section-boxed elementor-section-height-default elementor-section-height-default\" data-id=\"ef11dbf\" data-element_type=\"section\" data-e-type=\"section\">\n\t\t\t\t\t\t<div class=\"elementor-container elementor-column-gap-default\">\n\t\t\t\t\t<div class=\"elementor-column elementor-col-100 elementor-top-column elementor-element elementor-element-c159889\" data-id=\"c159889\" data-element_type=\"column\" data-e-type=\"column\">\n\t\t\t<div class=\"elementor-widget-wrap elementor-element-populated\">\n\t\t\t\t\t\t<div class=\"elementor-element elementor-element-317c93f elementor-widget elementor-widget-heading\" data-id=\"317c93f\" data-element_type=\"widget\" data-e-type=\"widget\" data-widget_type=\"heading.default\">\n\t\t\t\t<div class=\"elementor-widget-container\">\n\t\t\t\t\t<h1 class=\"elementor-heading-title elementor-size-large\">Technical problems<\/h1>\t\t\t\t<\/div>\n\t\t\t\t<\/div>\n\t\t\t\t\t<\/div>\n\t\t<\/div>\n\t\t\t\t\t<\/div>\n\t\t<\/section>\n\t\t\t\t<section class=\"elementor-section elementor-top-section elementor-element elementor-element-9712dda elementor-section-boxed elementor-section-height-default elementor-section-height-default\" data-id=\"9712dda\" data-element_type=\"section\" data-e-type=\"section\">\n\t\t\t\t\t\t<div class=\"elementor-container elementor-column-gap-default\">\n\t\t\t\t\t<div class=\"elementor-column elementor-col-100 elementor-top-column elementor-element elementor-element-1626538\" data-id=\"1626538\" data-element_type=\"column\" data-e-type=\"column\">\n\t\t\t<div class=\"elementor-widget-wrap elementor-element-populated\">\n\t\t\t\t\t\t<div class=\"elementor-element elementor-element-1fb9c6c elementor-widget elementor-widget-text-editor\" data-id=\"1fb9c6c\" data-element_type=\"widget\" data-e-type=\"widget\" data-widget_type=\"text-editor.default\">\n\t\t\t\t<div class=\"elementor-widget-container\">\n\t\t\t\t\t\t\t\t\t<p><strong>Please report any unsealed damage or anomaly in your apartment via the form below.\u00a0<\/strong><\/p><p>Do not wait for the problem to get worse, you will be penalized when you leave. The damages resulting from your silence will be at your expense.\u00a0<\/p>\t\t\t\t\t\t\t\t<\/div>\n\t\t\t\t<\/div>\n\t\t\t\t\t<\/div>\n\t\t<\/div>\n\t\t\t\t\t<\/div>\n\t\t<\/section>\n\t\t\t\t<section class=\"elementor-section elementor-top-section elementor-element elementor-element-4c83772 elementor-section-boxed elementor-section-height-default elementor-section-height-default\" data-id=\"4c83772\" data-element_type=\"section\" data-e-type=\"section\">\n\t\t\t\t\t\t<div class=\"elementor-container elementor-column-gap-default\">\n\t\t\t\t\t<div class=\"elementor-column elementor-col-100 elementor-top-column elementor-element elementor-element-35a6945\" data-id=\"35a6945\" data-element_type=\"column\" data-e-type=\"column\">\n\t\t\t<div class=\"elementor-widget-wrap elementor-element-populated\">\n\t\t\t\t\t\t<div class=\"elementor-element elementor-element-f3d9643 eael-contact-form-7-button-align-left eael-contact-form-7-button-custom elementor-widget elementor-widget-eael-contact-form-7\" data-id=\"f3d9643\" data-element_type=\"widget\" data-e-type=\"widget\" data-widget_type=\"eael-contact-form-7.default\">\n\t\t\t\t<div class=\"elementor-widget-container\">\n\t\t\t\t\t<div class=\"eael-contact-form-7-wrapper\">\n                <div class=\"eael-contact-form eael-contact-form-7 eael-contact-form-f3d9643 placeholder-show eael-contact-form-align-default\"><div class=\"eael-contact-form-7-heading\"><h3 class=\"eael-contact-form-title eael-contact-form-7-title\">\n                                    Contact technical team\n                                <\/h3><\/div>\n<div class=\"wpcf7 no-js\" id=\"wpcf7-f569-o1\" lang=\"fr-FR\" dir=\"ltr\" data-wpcf7-id=\"569\">\n<div class=\"screen-reader-response\"><p role=\"status\" aria-live=\"polite\" aria-atomic=\"true\"><\/p> <ul><\/ul><\/div>\n<form action=\"\/en\/wp-json\/wp\/v2\/pages\/123#wpcf7-f569-o1\" method=\"post\" class=\"wpcf7-form init\" aria-label=\"Formulaire de contact\" enctype=\"multipart\/form-data\" novalidate=\"novalidate\" data-status=\"init\" data-trp-original-action=\"\/en\/wp-json\/wp\/v2\/pages\/123#wpcf7-f569-o1\">\n<fieldset class=\"hidden-fields-container\"><input type=\"hidden\" name=\"_wpcf7\" value=\"569\" \/><input type=\"hidden\" name=\"_wpcf7_version\" value=\"6.1.5\" \/><input type=\"hidden\" name=\"_wpcf7_locale\" value=\"fr_FR\" \/><input type=\"hidden\" name=\"_wpcf7_unit_tag\" value=\"wpcf7-f569-o1\" \/><input type=\"hidden\" name=\"_wpcf7_container_post\" value=\"0\" \/><input type=\"hidden\" name=\"_wpcf7_posted_data_hash\" value=\"\" \/><input type=\"hidden\" name=\"_wpcf7_recaptcha_response\" value=\"\" \/>\n<\/fieldset>\n<p><label> Name<br \/>\n<span class=\"wpcf7-form-control-wrap\" data-name=\"your-name\"><input size=\"40\" maxlength=\"400\" class=\"wpcf7-form-control wpcf7-text wpcf7-validates-as-required\" aria-required=\"true\" aria-invalid=\"false\" value=\"\" type=\"text\" name=\"your-name\" \/><\/span> <\/label>\n<\/p>\n<p><label> Surname<br \/>\n<span class=\"wpcf7-form-control-wrap\" data-name=\"prenom\"><input size=\"40\" maxlength=\"400\" class=\"wpcf7-form-control wpcf7-text wpcf7-validates-as-required\" aria-required=\"true\" aria-invalid=\"false\" value=\"\" type=\"text\" name=\"prenom\" \/><\/span> <\/label>\n<\/p>\n<p><label> Email<br \/>\n<span class=\"wpcf7-form-control-wrap\" data-name=\"your-email\"><input size=\"40\" maxlength=\"400\" class=\"wpcf7-form-control wpcf7-email wpcf7-validates-as-required wpcf7-text wpcf7-validates-as-email\" aria-required=\"true\" aria-invalid=\"false\" value=\"\" type=\"email\" name=\"your-email\" \/><\/span> <\/label>\n<\/p>\n<p><label> Phone number<br \/>\n<span class=\"wpcf7-form-control-wrap\" data-name=\"telephone\"><input size=\"40\" maxlength=\"400\" class=\"wpcf7-form-control wpcf7-tel wpcf7-validates-as-required wpcf7-text wpcf7-validates-as-tel\" aria-required=\"true\" aria-invalid=\"false\" value=\"\" type=\"tel\" name=\"telephone\" \/><\/span> <\/label>\n<\/p>\n<p><label> Flat number<br \/>\n<span class=\"wpcf7-form-control-wrap\" data-name=\"appartement\"><input size=\"40\" maxlength=\"400\" class=\"wpcf7-form-control wpcf7-text wpcf7-validates-as-required\" aria-required=\"true\" aria-invalid=\"false\" value=\"\" type=\"text\" name=\"appartement\" \/><\/span> <\/label>\n<\/p>\n<p><label> Subject<br \/>\n<span class=\"wpcf7-form-control-wrap\" data-name=\"your-subject\"><input size=\"40\" maxlength=\"400\" class=\"wpcf7-form-control wpcf7-text wpcf7-validates-as-required\" aria-required=\"true\" aria-invalid=\"false\" value=\"\" type=\"text\" name=\"your-subject\" \/><\/span> <\/label>\n<\/p>\n<p><span class=\"wpcf7-form-control-wrap\" data-name=\"fichier\"><input size=\"40\" class=\"wpcf7-form-control wpcf7-file\" accept=\"audio\/*,video\/*,image\/*\" aria-invalid=\"false\" type=\"file\" name=\"fichier\" \/><\/span>\n<\/p>\n<p><label> Message<br \/>\n<span class=\"wpcf7-form-control-wrap\" data-name=\"your-message\"><textarea cols=\"40\" rows=\"10\" maxlength=\"2000\" class=\"wpcf7-form-control wpcf7-textarea wpcf7-validates-as-required\" aria-required=\"true\" aria-invalid=\"false\" name=\"your-message\"><\/textarea><\/span> <\/label>\n<\/p>\n<p><input class=\"wpcf7-form-control wpcf7-submit has-spinner\" type=\"submit\" value=\"Send\" \/>\n<\/p><div class=\"wpcf7-response-output\" aria-hidden=\"true\"><\/div>\n<input type=\"hidden\" name=\"trp-form-language\" value=\"en\"\/><\/form>\n<\/div>\n<\/div>\n            <\/div>\t\t\t\t<\/div>\n\t\t\t\t<\/div>\n\t\t\t\t\t<\/div>\n\t\t<\/div>\n\t\t\t\t\t<\/div>\n\t\t<\/section>\n\t\t\t\t<section class=\"elementor-section elementor-top-section elementor-element elementor-element-eeca979 elementor-section-boxed elementor-section-height-default elementor-section-height-default\" data-id=\"eeca979\" data-element_type=\"section\" data-e-type=\"section\">\n\t\t\t\t\t\t<div class=\"elementor-container elementor-column-gap-default\">\n\t\t\t\t\t<div class=\"elementor-column elementor-col-100 elementor-top-column elementor-element elementor-element-0f7f54c\" data-id=\"0f7f54c\" data-element_type=\"column\" data-e-type=\"column\">\n\t\t\t<div class=\"elementor-widget-wrap elementor-element-populated\">\n\t\t\t\t\t\t<div class=\"elementor-element elementor-element-b1f7e3c elementor-widget elementor-widget-spacer\" data-id=\"b1f7e3c\" data-element_type=\"widget\" data-e-type=\"widget\" data-widget_type=\"spacer.default\">\n\t\t\t\t<div class=\"elementor-widget-container\">\n\t\t\t\t\t\t\t<div class=\"elementor-spacer\">\n\t\t\t<div class=\"elementor-spacer-inner\"><\/div>\n\t\t<\/div>\n\t\t\t\t\t\t<\/div>\n\t\t\t\t<\/div>\n\t\t\t\t\t<\/div>\n\t\t<\/div>\n\t\t\t\t\t<\/div>\n\t\t<\/section>\n\t\t\t\t<section class=\"elementor-section elementor-top-section elementor-element elementor-element-771289c elementor-section-boxed elementor-section-height-default elementor-section-height-default\" data-id=\"771289c\" data-element_type=\"section\" data-e-type=\"section\">\n\t\t\t\t\t\t<div class=\"elementor-container elementor-column-gap-default\">\n\t\t\t\t\t<div class=\"elementor-column elementor-col-100 elementor-top-column elementor-element elementor-element-dbdd623\" data-id=\"dbdd623\" data-element_type=\"column\" data-e-type=\"column\">\n\t\t\t<div class=\"elementor-widget-wrap elementor-element-populated\">\n\t\t\t\t\t\t<div class=\"elementor-element elementor-element-f2e07a7 elementor-widget elementor-widget-text-editor\" data-id=\"f2e07a7\" data-element_type=\"widget\" data-e-type=\"widget\" data-widget_type=\"text-editor.default\">\n\t\t\t\t<div class=\"elementor-widget-container\">\n\t\t\t\t\t\t\t\t\t<p><span style=\"text-decoration: underline;\">Problems that may be the subject of a request for intervention (non-exhaustive list) :\u00a0<\/span><\/p>\t\t\t\t\t\t\t\t<\/div>\n\t\t\t\t<\/div>\n\t\t\t\t<div class=\"elementor-element elementor-element-d3ce675 elementor-widget elementor-widget-text-editor\" data-id=\"d3ce675\" data-element_type=\"widget\" data-e-type=\"widget\" data-widget_type=\"text-editor.default\">\n\t\t\t\t<div class=\"elementor-widget-container\">\n\t\t\t\t\t\t\t\t\t<ul><li style=\"list-style-type: none;\"><ul><li style=\"list-style-type: none;\"><ul><li>VMC<\/li><li>Sink stopper or chain\u00a0<\/li><li>Intercom to be fixed<\/li><li>Window, landing door, closet, interior doors to be adjusted<\/li><li>Shower head (used)<\/li><li>Toilet leakage or malfunction (scaling of the bowl)<\/li><li>Leaking plumbing, taps, drains<\/li><li>Defective sink gasket (danger: feeding the plates under the sink)<\/li><li>Defective sink\/shower seal (poor sealing of the shower tray or shower enclosure can cause considerable damage)<\/li><li>Optical peephole use<\/li><li>Electric cooktop (cracked \/ curled or out of order)<\/li><li>Light points not working (after changing the bulb or neon)<\/li><li>Towel \/ toilet paper holder (to be repaired)<\/li><li>Problem of smell in the apartment<\/li><li>Refrigerator-freezer door (to be repaired or out of order)<\/li><li>Used iron chair leg guards (damages floor covering)<\/li><li>Curtain rod \/ double room curtain (folded or out of order)<\/li><li>Shower curtain too short or worn (water damage)<\/li><li>Doorbell does not work or needs repair<\/li><li>Thermostatic probe<\/li><li>Broken bed rail or slats<\/li><li>Faulty electric plate indicators (danger)<\/li><\/ul><\/li><\/ul><\/li><\/ul><p style=\"padding-left: 80px;\">\u00a0<\/p>\t\t\t\t\t\t\t\t<\/div>\n\t\t\t\t<\/div>\n\t\t\t\t\t<\/div>\n\t\t<\/div>\n\t\t\t\t\t<\/div>\n\t\t<\/section>\n\t\t\t\t<\/div>","protected":false},"excerpt":{"rendered":"<p>Probl\u00e8mes techniques Merci de signaler toute d\u00e9gradation ou anomalie non descell\u00e9e dans votre appartement via le formulaire ci-dessous.\u00a0 N&rsquo;attendez pas que le probl\u00e8me s&rsquo;aggrave, vous serez p\u00e9nalis\u00e9s lors de l&rsquo;\u00e9tat des lieux de sortie. Les d\u00e9g\u00e2ts r\u00e9sultant de votre silence seront \u00e0 votre charge.\u00a0 Contact \u00e9quipe technique Votre nom Votre pr\u00e9nom Votre e-mail Votre num\u00e9ro de t\u00e9l\u00e9phone Votre num\u00e9ro d&rsquo;appartement Objet Votre message Probl\u00e8mes pouvant faire l&rsquo;objet d&rsquo;une demande d&rsquo;intervention (liste non-exhaustive) :\u00a0 VMC Bouchon ou cha\u00eene d&rsquo;\u00e9vier\u00a0 Interphone \u00e0 fixer Fen\u00eatre, porte pali\u00e8re, placard, portes int\u00e9rieures \u00e0 r\u00e9gler Pommeau de douche (usag\u00e9) Fuite ou dysfonctionnement des toilettes (entartrage de la cuvette) Fuite de plomberie, des robinetteries, \u00e9coulement Joint d&rsquo;\u00e9vier d\u00e9fectueux (danger : alimentation des plaques sous l&rsquo;\u00e9vier) Joint de lavabo\/douche d\u00e9fectueux (une mauvaise \u00e9tanch\u00e9it\u00e9 du bac \u00e0 douche ou du rev\u00eatement de la paroi de douche peut provoquer des d\u00e9g\u00e2ts consid\u00e9rables) Judas optique usage Plaque de cuisson \u00e9lectrique (fendue \/ boucl\u00e9e ou hors service) Points lumineux ne fonctionnant pas (apr\u00e8s avoir chang\u00e9 l&rsquo;ampoule ou le n\u00e9on) Porte-serviettes \/ papier toilette (\u00e0 r\u00e9parer) Probl\u00e8me d&rsquo;odeur dans l&rsquo;appartement Porte du r\u00e9frig\u00e9rateur-cong\u00e9lateur (\u00e0 r\u00e9parer ou hors service) Prot\u00e8ge-pieds de chaise en fer usag\u00e9s (endommage le rev\u00eatement de sol) Tringle \u00e0 rideau \/ rideau de chambre double (pli\u00e9 ou hors service) Rideau de douche trop court ou usag\u00e9 (d\u00e9g\u00e2ts d&rsquo;eau) Sonnette ne fonctionne pas ou \u00e0 r\u00e9parer Sonde thermostatique Traverse de lit ou lattes cass\u00e9es Indicateurs de plaque \u00e9lectrique d\u00e9fectueux (danger) \u00a0<\/p>","protected":false},"author":1,"featured_media":0,"parent":0,"menu_order":0,"comment_status":"closed","ping_status":"closed","template":"","meta":{"footnotes":""},"class_list":["post-123","page","type-page","status-publish","hentry"],"yoast_head":"<!-- This site is optimized with the Yoast SEO plugin v27.4 - https:\/\/yoast.com\/product\/yoast-seo-wordpress\/ -->\n<title>Probl\u00e8mes techniques - R\u00e9sidence L\u00e9onard de Vinci<\/title>\n<meta name=\"robots\" content=\"noindex, nofollow\" \/>\n<meta property=\"og:locale\" content=\"en_US\" \/>\n<meta property=\"og:type\" content=\"article\" \/>\n<meta property=\"og:title\" content=\"Probl\u00e8mes techniques - R\u00e9sidence L\u00e9onard de Vinci\" \/>\n<meta property=\"og:description\" content=\"Probl\u00e8mes techniques Merci de signaler toute d\u00e9gradation ou anomalie non descell\u00e9e dans votre appartement via le formulaire ci-dessous.\u00a0 N&rsquo;attendez pas que le probl\u00e8me s&rsquo;aggrave, vous serez p\u00e9nalis\u00e9s lors de l&rsquo;\u00e9tat des lieux de sortie. Les d\u00e9g\u00e2ts r\u00e9sultant de votre silence seront \u00e0 votre charge.\u00a0 Contact \u00e9quipe technique Votre nom Votre pr\u00e9nom Votre e-mail Votre num\u00e9ro de t\u00e9l\u00e9phone Votre num\u00e9ro d&rsquo;appartement Objet Votre message Probl\u00e8mes pouvant faire l&rsquo;objet d&rsquo;une demande d&rsquo;intervention (liste non-exhaustive) :\u00a0 VMC Bouchon ou cha\u00eene d&rsquo;\u00e9vier\u00a0 Interphone \u00e0 fixer Fen\u00eatre, porte pali\u00e8re, placard, portes int\u00e9rieures \u00e0 r\u00e9gler Pommeau de douche (usag\u00e9) Fuite ou dysfonctionnement des toilettes (entartrage de la cuvette) Fuite de plomberie, des robinetteries, \u00e9coulement Joint d&rsquo;\u00e9vier d\u00e9fectueux (danger : alimentation des plaques sous l&rsquo;\u00e9vier) Joint de lavabo\/douche d\u00e9fectueux (une mauvaise \u00e9tanch\u00e9it\u00e9 du bac \u00e0 douche ou du rev\u00eatement de la paroi de douche peut provoquer des d\u00e9g\u00e2ts consid\u00e9rables) Judas optique usage Plaque de cuisson \u00e9lectrique (fendue \/ boucl\u00e9e ou hors service) Points lumineux ne fonctionnant pas (apr\u00e8s avoir chang\u00e9 l&rsquo;ampoule ou le n\u00e9on) Porte-serviettes \/ papier toilette (\u00e0 r\u00e9parer) Probl\u00e8me d&rsquo;odeur dans l&rsquo;appartement Porte du r\u00e9frig\u00e9rateur-cong\u00e9lateur (\u00e0 r\u00e9parer ou hors service) Prot\u00e8ge-pieds de chaise en fer usag\u00e9s (endommage le rev\u00eatement de sol) Tringle \u00e0 rideau \/ rideau de chambre double (pli\u00e9 ou hors service) Rideau de douche trop court ou usag\u00e9 (d\u00e9g\u00e2ts d&rsquo;eau) Sonnette ne fonctionne pas ou \u00e0 r\u00e9parer Sonde thermostatique Traverse de lit ou lattes cass\u00e9es Indicateurs de plaque \u00e9lectrique d\u00e9fectueux (danger) \u00a0\" \/>\n<meta property=\"og:url\" content=\"https:\/\/www.residence-vinci.fr\/en\/problemes-techniques\/\" \/>\n<meta property=\"og:site_name\" content=\"R\u00e9sidence L\u00e9onard de Vinci\" \/>\n<meta property=\"article:modified_time\" content=\"2023-10-13T08:55:51+00:00\" \/>\n<meta name=\"twitter:card\" content=\"summary_large_image\" \/>\n<meta name=\"twitter:label1\" content=\"Est. reading time\" \/>\n\t<meta name=\"twitter:data1\" content=\"2 minutes\" \/>\n<script type=\"application\/ld+json\" class=\"yoast-schema-graph\">{\"@context\":\"https:\\\/\\\/schema.org\",\"@graph\":[{\"@type\":\"WebPage\",\"@id\":\"https:\\\/\\\/www.residence-vinci.fr\\\/problemes-techniques\\\/\",\"url\":\"https:\\\/\\\/www.residence-vinci.fr\\\/problemes-techniques\\\/\",\"name\":\"Probl\u00e8mes techniques - R\u00e9sidence L\u00e9onard de Vinci\",\"isPartOf\":{\"@id\":\"https:\\\/\\\/www.residence-vinci.fr\\\/#website\"},\"datePublished\":\"2021-12-30T14:58:39+00:00\",\"dateModified\":\"2023-10-13T08:55:51+00:00\",\"breadcrumb\":{\"@id\":\"https:\\\/\\\/www.residence-vinci.fr\\\/problemes-techniques\\\/#breadcrumb\"},\"inLanguage\":\"en-US\",\"potentialAction\":[{\"@type\":\"ReadAction\",\"target\":[\"https:\\\/\\\/www.residence-vinci.fr\\\/problemes-techniques\\\/\"]}]},{\"@type\":\"BreadcrumbList\",\"@id\":\"https:\\\/\\\/www.residence-vinci.fr\\\/problemes-techniques\\\/#breadcrumb\",\"itemListElement\":[{\"@type\":\"ListItem\",\"position\":1,\"name\":\"Accueil\",\"item\":\"https:\\\/\\\/www.residence-vinci.fr\\\/\"},{\"@type\":\"ListItem\",\"position\":2,\"name\":\"Probl\u00e8mes techniques\"}]},{\"@type\":\"WebSite\",\"@id\":\"https:\\\/\\\/www.residence-vinci.fr\\\/#website\",\"url\":\"https:\\\/\\\/www.residence-vinci.fr\\\/\",\"name\":\"R\u00e9sidence L\u00e9onard de Vinci\",\"description\":\"\",\"potentialAction\":[{\"@type\":\"SearchAction\",\"target\":{\"@type\":\"EntryPoint\",\"urlTemplate\":\"https:\\\/\\\/www.residence-vinci.fr\\\/?s={search_term_string}\"},\"query-input\":{\"@type\":\"PropertyValueSpecification\",\"valueRequired\":true,\"valueName\":\"search_term_string\"}}],\"inLanguage\":\"en-US\"}]}<\/script>\n<!-- \/ Yoast SEO plugin. -->","yoast_head_json":{"title":"Probl\u00e8mes techniques - R\u00e9sidence L\u00e9onard de Vinci","robots":{"index":"noindex","follow":"nofollow"},"og_locale":"en_US","og_type":"article","og_title":"Probl\u00e8mes techniques - R\u00e9sidence L\u00e9onard de Vinci","og_description":"Probl\u00e8mes techniques Merci de signaler toute d\u00e9gradation ou anomalie non descell\u00e9e dans votre appartement via le formulaire ci-dessous.\u00a0 N&rsquo;attendez pas que le probl\u00e8me s&rsquo;aggrave, vous serez p\u00e9nalis\u00e9s lors de l&rsquo;\u00e9tat des lieux de sortie. Les d\u00e9g\u00e2ts r\u00e9sultant de votre silence seront \u00e0 votre charge.\u00a0 Contact \u00e9quipe technique Votre nom Votre pr\u00e9nom Votre e-mail Votre num\u00e9ro de t\u00e9l\u00e9phone Votre num\u00e9ro d&rsquo;appartement Objet Votre message Probl\u00e8mes pouvant faire l&rsquo;objet d&rsquo;une demande d&rsquo;intervention (liste non-exhaustive) :\u00a0 VMC Bouchon ou cha\u00eene d&rsquo;\u00e9vier\u00a0 Interphone \u00e0 fixer Fen\u00eatre, porte pali\u00e8re, placard, portes int\u00e9rieures \u00e0 r\u00e9gler Pommeau de douche (usag\u00e9) Fuite ou dysfonctionnement des toilettes (entartrage de la cuvette) Fuite de plomberie, des robinetteries, \u00e9coulement Joint d&rsquo;\u00e9vier d\u00e9fectueux (danger : alimentation des plaques sous l&rsquo;\u00e9vier) Joint de lavabo\/douche d\u00e9fectueux (une mauvaise \u00e9tanch\u00e9it\u00e9 du bac \u00e0 douche ou du rev\u00eatement de la paroi de douche peut provoquer des d\u00e9g\u00e2ts consid\u00e9rables) Judas optique usage Plaque de cuisson \u00e9lectrique (fendue \/ boucl\u00e9e ou hors service) Points lumineux ne fonctionnant pas (apr\u00e8s avoir chang\u00e9 l&rsquo;ampoule ou le n\u00e9on) Porte-serviettes \/ papier toilette (\u00e0 r\u00e9parer) Probl\u00e8me d&rsquo;odeur dans l&rsquo;appartement Porte du r\u00e9frig\u00e9rateur-cong\u00e9lateur (\u00e0 r\u00e9parer ou hors service) Prot\u00e8ge-pieds de chaise en fer usag\u00e9s (endommage le rev\u00eatement de sol) Tringle \u00e0 rideau \/ rideau de chambre double (pli\u00e9 ou hors service) Rideau de douche trop court ou usag\u00e9 (d\u00e9g\u00e2ts d&rsquo;eau) Sonnette ne fonctionne pas ou \u00e0 r\u00e9parer Sonde thermostatique Traverse de lit ou lattes cass\u00e9es Indicateurs de plaque \u00e9lectrique d\u00e9fectueux (danger) \u00a0","og_url":"https:\/\/www.residence-vinci.fr\/en\/problemes-techniques\/","og_site_name":"R\u00e9sidence L\u00e9onard de Vinci","article_modified_time":"2023-10-13T08:55:51+00:00","twitter_card":"summary_large_image","twitter_misc":{"Est. reading time":"2 minutes"},"schema":{"@context":"https:\/\/schema.org","@graph":[{"@type":"WebPage","@id":"https:\/\/www.residence-vinci.fr\/problemes-techniques\/","url":"https:\/\/www.residence-vinci.fr\/problemes-techniques\/","name":"Probl\u00e8mes techniques - R\u00e9sidence L\u00e9onard de Vinci","isPartOf":{"@id":"https:\/\/www.residence-vinci.fr\/#website"},"datePublished":"2021-12-30T14:58:39+00:00","dateModified":"2023-10-13T08:55:51+00:00","breadcrumb":{"@id":"https:\/\/www.residence-vinci.fr\/problemes-techniques\/#breadcrumb"},"inLanguage":"en-US","potentialAction":[{"@type":"ReadAction","target":["https:\/\/www.residence-vinci.fr\/problemes-techniques\/"]}]},{"@type":"BreadcrumbList","@id":"https:\/\/www.residence-vinci.fr\/problemes-techniques\/#breadcrumb","itemListElement":[{"@type":"ListItem","position":1,"name":"Accueil","item":"https:\/\/www.residence-vinci.fr\/"},{"@type":"ListItem","position":2,"name":"Probl\u00e8mes techniques"}]},{"@type":"WebSite","@id":"https:\/\/www.residence-vinci.fr\/#website","url":"https:\/\/www.residence-vinci.fr\/","name":"R\u00e9sidence L\u00e9onard de Vinci","description":"","potentialAction":[{"@type":"SearchAction","target":{"@type":"EntryPoint","urlTemplate":"https:\/\/www.residence-vinci.fr\/?s={search_term_string}"},"query-input":{"@type":"PropertyValueSpecification","valueRequired":true,"valueName":"search_term_string"}}],"inLanguage":"en-US"}]}},"_links":{"self":[{"href":"https:\/\/www.residence-vinci.fr\/en\/wp-json\/wp\/v2\/pages\/123","targetHints":{"allow":["GET"]}}],"collection":[{"href":"https:\/\/www.residence-vinci.fr\/en\/wp-json\/wp\/v2\/pages"}],"about":[{"href":"https:\/\/www.residence-vinci.fr\/en\/wp-json\/wp\/v2\/types\/page"}],"author":[{"embeddable":true,"href":"https:\/\/www.residence-vinci.fr\/en\/wp-json\/wp\/v2\/users\/1"}],"replies":[{"embeddable":true,"href":"https:\/\/www.residence-vinci.fr\/en\/wp-json\/wp\/v2\/comments?post=123"}],"version-history":[{"count":59,"href":"https:\/\/www.residence-vinci.fr\/en\/wp-json\/wp\/v2\/pages\/123\/revisions"}],"predecessor-version":[{"id":1964,"href":"https:\/\/www.residence-vinci.fr\/en\/wp-json\/wp\/v2\/pages\/123\/revisions\/1964"}],"wp:attachment":[{"href":"https:\/\/www.residence-vinci.fr\/en\/wp-json\/wp\/v2\/media?parent=123"}],"curies":[{"name":"wp","href":"https:\/\/api.w.org\/{rel}","templated":true}]}}